{"id":2424,"date":"2020-06-18T09:28:27","date_gmt":"2020-06-18T09:28:27","guid":{"rendered":"http:\/\/tandetron.atomki.hu\/publications\/diplomamunkak-szak-es-tdk-dolgozatok\/"},"modified":"2020-07-13T13:30:03","modified_gmt":"2020-07-13T13:30:03","slug":"thesis-tdk-topics","status":"publish","type":"page","link":"https:\/\/tandetron.atomki.hu\/en\/r-d\/publications\/thesis-tdk-topics\/","title":{"rendered":"Thesis, TDK topics"},"content":{"rendered":"<div class=\"wpb-content-wrapper\"><p>[vc_row][vc_column][vc_custom_heading source=&#8221;post_title&#8221; font_container=&#8221;tag:h3|text_align:left|color:%23000000&#8243; use_theme_fonts=&#8221;yes&#8221;][vc_text_separator title=&#8221;PUBLICATIONS&#8221; title_align=&#8221;separator_align_left&#8221; color=&#8221;custom&#8221; style=&#8221;dotted&#8221; border_width=&#8221;2&#8243; css_animation=&#8221;right-to-left&#8221; accent_color=&#8221;#ffac03&#8243;][\/vc_column][\/vc_row][vc_row][vc_column][vc_basic_grid post_type=&#8221;post&#8221; max_items=&#8221;30&#8243; style=&#8221;lazy&#8221; items_per_page=&#8221;5&#8243; show_filter=&#8221;yes&#8221; element_width=&#8221;12&#8243; filter_style=&#8221;bordered&#8221; filter_color=&#8221;black&#8221; item=&#8221;2139&#8243; grid_id=&#8221;vc_gid:1594646730964-04f30bb3-5c48-2&#8243; taxonomies=&#8221;42&#8243; filter_source=&#8221;post_tag&#8221;][\/vc_column][\/vc_row][vc_row][vc_column][vc_btn title=&#8221;Vissza a PUBLIK\u00c1CI\u00d3 f\u0151oldalra&#8221; style=&#8221;outline-custom&#8221; outline_custom_color=&#8221;#000000&#8243; outline_custom_hover_background=&#8221;#ffac03&#8243; outline_custom_hover_text=&#8221;#ffffff&#8221; shape=&#8221;round&#8221; size=&#8221;sm&#8221; i_icon_fontawesome=&#8221;fas fa-arrow-left&#8221; add_icon=&#8221;true&#8221; link=&#8221;url:http%3A%2F%2Ftandetron.atomki.hu%2Fpublikacio%2F|title:Publik%C3%A1ci%C3%B3||&#8221;][\/vc_column][\/vc_row]<\/p>\n<\/div>","protected":false},"excerpt":{"rendered":"<p>[vc_row][vc_column][vc_custom_heading source=&#8221;post_title&#8221; font_container=&#8221;tag:h3|text_align:left|color:%23000000&#8243; use_theme_fonts=&#8221;yes&#8221;][vc_text_separator title=&#8221;PUBLICATIONS&#8221; title_align=&#8221;separator_align_left&#8221; color=&#8221;custom&#8221; style=&#8221;dotted&#8221; border_width=&#8221;2&#8243; css_animation=&#8221;right-to-left&#8221; accent_color=&#8221;#ffac03&#8243;][\/vc_column][\/vc_row][vc_row][vc_column][vc_basic_grid post_type=&#8221;post&#8221; max_items=&#8221;30&#8243; style=&#8221;lazy&#8221; items_per_page=&#8221;5&#8243; show_filter=&#8221;yes&#8221; element_width=&#8221;12&#8243; filter_style=&#8221;bordered&#8221; filter_color=&#8221;black&#8221; item=&#8221;2139&#8243; grid_id=&#8221;vc_gid:1594646730964-04f30bb3-5c48-2&#8243; taxonomies=&#8221;42&#8243; filter_source=&#8221;post_tag&#8221;][\/vc_column][\/vc_row][vc_row][vc_column][vc_btn title=&#8221;Vissza a PUBLIK\u00c1CI\u00d3<span class=\"excerpt-hellip\"> [\u2026]<\/span><\/p>\n","protected":false},"author":1,"featured_media":2428,"parent":2075,"menu_order":0,"comment_status":"closed","ping_status":"closed","template":"","meta":{"inline_featured_image":false,"jetpack_post_was_ever_published":false,"footnotes":""},"class_list":["post-2424","page","type-page","status-publish","has-post-thumbnail","hentry"],"jetpack_shortlink":"https:\/\/wp.me\/PaFlKz-D6","_links":{"self":[{"href":"https:\/\/tandetron.atomki.hu\/en\/wp-json\/wp\/v2\/pages\/2424","targetHints":{"allow":["GET"]}}],"collection":[{"href":"https:\/\/tandetron.atomki.hu\/en\/wp-json\/wp\/v2\/pages"}],"about":[{"href":"https:\/\/tandetron.atomki.hu\/en\/wp-json\/wp\/v2\/types\/page"}],"author":[{"embeddable":true,"href":"https:\/\/tandetron.atomki.hu\/en\/wp-json\/wp\/v2\/users\/1"}],"replies":[{"embeddable":true,"href":"https:\/\/tandetron.atomki.hu\/en\/wp-json\/wp\/v2\/comments?post=2424"}],"version-history":[{"count":2,"href":"https:\/\/tandetron.atomki.hu\/en\/wp-json\/wp\/v2\/pages\/2424\/revisions"}],"predecessor-version":[{"id":2427,"href":"https:\/\/tandetron.atomki.hu\/en\/wp-json\/wp\/v2\/pages\/2424\/revisions\/2427"}],"up":[{"embeddable":true,"href":"https:\/\/tandetron.atomki.hu\/en\/wp-json\/wp\/v2\/pages\/2075"}],"wp:featuredmedia":[{"embeddable":true,"href":"https:\/\/tandetron.atomki.hu\/en\/wp-json\/wp\/v2\/media\/2428"}],"wp:attachment":[{"href":"https:\/\/tandetron.atomki.hu\/en\/wp-json\/wp\/v2\/media?parent=2424"}],"curies":[{"name":"wp","href":"https:\/\/api.w.org\/{rel}","templated":true}]}}