{"id":1608,"date":"2018-03-26T08:26:17","date_gmt":"2018-03-26T08:26:17","guid":{"rendered":"http:\/\/tandetron.atomki.hu\/infrastruktura\/"},"modified":"2021-07-27T08:53:47","modified_gmt":"2021-07-27T08:53:47","slug":"infrastructure","status":"publish","type":"page","link":"https:\/\/tandetron.atomki.hu\/en\/infrastructure\/","title":{"rendered":"Infrastructure"},"content":{"rendered":"<div class=\"wpb-content-wrapper\"><p>[vc_row][vc_column][vc_custom_heading source=&#8221;post_title&#8221; font_container=&#8221;tag:h3|text_align:left&#8221; use_theme_fonts=&#8221;yes&#8221;][vc_text_separator title=&#8221;LABORATORY&#8221; title_align=&#8221;separator_align_left&#8221; color=&#8221;custom&#8221; style=&#8221;dotted&#8221; border_width=&#8221;2&#8243; css_animation=&#8221;right-to-left&#8221; accent_color=&#8221;#ffac03&#8243;][\/vc_column][\/vc_row][vc_row][vc_column width=&#8221;1\/4&#8243;][vc_single_image image=&#8221;777&#8243; img_size=&#8221;full&#8221; alignment=&#8221;center&#8221;][\/vc_column][vc_column width=&#8221;3\/4&#8243;][\/vc_column][\/vc_row][vc_row][vc_column width=&#8221;1\/4&#8243;][\/vc_column][vc_column width=&#8221;3\/4&#8243; css=&#8221;.vc_custom_1522231589607{margin-top: -10% !important;}&#8221;][vc_column_text]<\/p>\n<h3>TANDETRON Laborat\u00f3rium ki\u00e9p\u00edt\u00e9se<\/h3>\n<p>[\/vc_column_text][vc_column_text]<span style=\"color: #000000;\"><strong>Az MTA Atommagkutat\u00f3 Int\u00e9zet <b>GINOP-2.3.3-15-2016-00005<\/b> azonos\u00edt\u00f3sz\u00e1m\u00fa, <b><i>&#8220;Vil\u00e1gsz\u00ednvonal\u00fa kutat\u00f3i k\u00f6rnyezet kialak\u00edt\u00e1sa az MTA Atomki \u00faj Tandetron Laborat\u00f3rium\u00e1ban&#8221;<\/i><\/b> c\u00edm\u0171 p\u00e1ly\u00e1zat\u00e1val t\u00e1mogat\u00e1st nyert az al\u00e1bbi projekt megval\u00f3s\u00edt\u00e1s\u00e1ra.<\/strong><\/span>[\/vc_column_text][\/vc_column][\/vc_row][vc_row][vc_column][rev_slider_vc alias=&#8221;tandetron_timelaps&#8221;][\/vc_column][\/vc_row][vc_row][vc_column width=&#8221;1\/4&#8243;][\/vc_column][vc_column width=&#8221;3\/4&#8243;][vc_column_text]Az MTA Atomki 2014 m\u00e1jus\u00e1ban helyezte \u00fczembe a High Voltage Engineering Europa BV holland c\u00e9g \u00e1ltal gy\u00e1rtott Tandetron t\u00edpus\u00fa r\u00e9szecskegyors\u00edt\u00f3t. 2015 janu\u00e1rban be\u00fczemelt\u00fck a negat\u00edv hidrog\u00e9n ionokat el\u0151\u00e1ll\u00edt\u00f3 Duoplazmatron ionforr\u00e1st az injektor m\u00e1gnessel \u00e9s egy egyszer\u0171, ideiglenes kapcsol\u00f3m\u00e1gnest. A Tandetron gyors\u00edt\u00f3 m\u0171k\u00f6d\u00e9si elv\u00e9b\u0151l fakad\u00f3an a negat\u00edv ionokb\u00f3l nagyenergi\u00e1j\u00fa pozit\u00edv ionnyal\u00e1bot (ebben az esetben proton nyal\u00e1bot) \u00e1ll\u00edt el\u0151. Ez az egyszer\u0171 els\u0151 elrendez\u00e9s azonnal lehet\u0151v\u00e9 tette k\u00e9t kutat\u00e1si nyal\u00e1bv\u00e9g megval\u00f3s\u00edt\u00e1s\u00e1t: az ionnyal\u00e1b kihozatal\u00e1t a leveg\u0151be \u00e9s egy nukle\u00e1ris asztrofizikai nyal\u00e1bv\u00e9g \u00f6ssze\u00e1ll\u00edt\u00e1s\u00e1t. A nukle\u00e1ris asztrofizikai nyal\u00e1bv\u00e9gen k\u00e9sz\u00fclt els\u0151 tudom\u00e1nyos eredm\u00e9nyt egy poszteren mutattuk be az <a href=\"http:\/\/www.eunpc2015.org\/\">EuNPC2015 konferenci\u00e1n<\/a> Groningenben, Hollandi\u00e1ban, amely elnyerte a legjobb poszter d\u00edjat (&#8220;Best poster prize&#8221;).[\/vc_column_text][\/vc_column][\/vc_row][vc_row][vc_column width=&#8221;1\/4&#8243;][\/vc_column][vc_column width=&#8221;3\/4&#8243;][vc_single_image image=&#8221;252&#8243; img_size=&#8221;full&#8221; add_caption=&#8221;yes&#8221;][\/vc_column][\/vc_row][vc_row][vc_column][vc_separator][\/vc_column][\/vc_row][vc_row][vc_column width=&#8221;1\/4&#8243;][\/vc_column][vc_column width=&#8221;3\/4&#8243;][vc_single_image image=&#8221;1003&#8243; img_size=&#8221;full&#8221; add_caption=&#8221;yes&#8221;][\/vc_column][\/vc_row][vc_row][vc_column][vc_separator][\/vc_column][\/vc_row][vc_row][vc_column][vc_single_image image=&#8221;998&#8243; img_size=&#8221;full&#8221; add_caption=&#8221;yes&#8221; onclick=&#8221;link_image&#8221;][\/vc_column][\/vc_row][vc_row][vc_column width=&#8221;1\/4&#8243;][\/vc_column][vc_column width=&#8221;3\/4&#8243;][vc_column_text]K\u00f6z\u00e9pen l\u00e1that\u00f3 a Tandetron gyors\u00edt\u00f3. A Duoplazmatron ionforr\u00e1s \u00e9s az injektor m\u00e1gnes a jobb oldalon, a be\u00fczemel\u00e9s alatt \u00e1ll\u00f3 nyal\u00e1bv\u00e9gek a bal oldalon helyezkednek el. Id\u0151k\u00f6zben beszerezt\u00fcnk egy 9 nyal\u00e1bv\u00e9g csatlakoztat\u00e1s\u00e1t lehet\u0151v\u00e9 t\u00e9v\u0151 professzion\u00e1lis kapcsol\u00f3m\u00e1gnest is.[\/vc_column_text][\/vc_column][\/vc_row][vc_row][vc_column][vc_single_image image=&#8221;1008&#8243; img_size=&#8221;full&#8221; add_caption=&#8221;yes&#8221;][\/vc_column][\/vc_row][vc_row][vc_column][vc_separator][\/vc_column][\/vc_row][vc_row][vc_column][vc_single_image image=&#8221;994&#8243; img_size=&#8221;full&#8221; add_caption=&#8221;yes&#8221;][\/vc_column][\/vc_row][vc_row][vc_column width=&#8221;1\/4&#8243;][\/vc_column][vc_column width=&#8221;3\/4&#8243;][vc_column_text]Egy Multicusp ionforr\u00e1s \u00e9s egy 90 fokos elt\u00e9r\u00edt\u0151 (analiz\u00e1l\u00f3) m\u00e1gnes beszerz\u00e9s\u00e9vel a gyors\u00edt\u00f3 elrendez\u00e9se jelent\u0151sen \u00e1talakul \u00e9s el\u00e9ri v\u00e9gs\u0151 form\u00e1j\u00e1t. A Multicusp ionforr\u00e1s (piros t\u00e9glalappal jel\u00f6lve) tartalmazni fog egy +\/- 30 fokos elt\u00e9r\u00edt\u0151 m\u00e1gnest, ami lehet\u0151v\u00e9 teszi a hidrog\u00e9n vagy a h\u00e9lium ionforr\u00e1s kiv\u00e1laszt\u00e1s\u00e1t. A Duoplazmatron ionforr\u00e1st \u00e1t fogjuk alak\u00edtani c\u00e9zium sputtering ionforr\u00e1ss\u00e1, ami lehet\u0151v\u00e9 teszi nagy t\u00f6megsz\u00e1m\u00fa negat\u00edv ionok el\u0151\u00e1ll\u00edt\u00e1s\u00e1t. A Tandetron nagyenergi\u00e1s oldal\u00e1ra ker\u00fcl majd a 90 fokos analiz\u00e1l\u00f3 m\u00e1gnes. A kapcsol\u00f3 m\u00e1gnest a jelenlegi (ideiglenes) hely\u00e9r\u0151l \u00e1t fogjuk telep\u00edteni az analiz\u00e1l\u00f3 m\u00e1gnes kimenet\u00e9re. A nanoszond\u00e1t is \u00e1tk\u00f6lt\u00f6ztetj\u00fck az \u00faj hely\u00e9re, a kapcsol\u00f3 m\u00e1gnes jobb oldali 10 fokos kimenet\u00e9re. A mikroszonda is \u00e1t fog ide k\u00f6lt\u00f6zni a r\u00e9gi Van de Graaff gyors\u00edt\u00f3t\u00f3l, ez\u00e1ltal sokkal jobb min\u0151s\u00e9g\u0171 ionnyal\u00e1bot fog kapni (stabilit\u00e1s, nyal\u00e1bm\u00e9ret, stb). Az \u00faj analitikai nyal\u00e1bv\u00e9g a kapcsol\u00f3 m\u00e1gnes egy m\u00e1sik kimenet\u00e9re ker\u00fcl. Tov\u00e1bbi nyal\u00e1bv\u00e9gek kifejleszt\u00e9se is lehet\u0151v\u00e9 v\u00e1lik a jelenlegi \u00e9s a j\u00f6v\u0151beli bels\u0151 \u00e9s k\u00fcls\u0151 felhaszn\u00e1l\u00f3k sz\u00e1m\u00e1ra. Az ehhez sz\u00fcks\u00e9ges v\u00e1kuumrendszer hely\u00e9t piros vonalakkal mutatja az \u00e1bra.[\/vc_column_text][vc_column_text]<strong><a href=\"http:\/\/virtualisseta.atomki.hu\/index.php?placeid=4\" target=\"_blank\" rel=\"noopener noreferrer\">MTA Atomki \u2013 Virtu\u00e1lis s\u00e9ta<\/a><\/strong>[\/vc_column_text][\/vc_column][\/vc_row][vc_row][vc_column][vc_column_text]<\/p>\n<h4>Kapcsold\u00f3 Fot\u00f3dokument\u00e1ci\u00f3<\/h4>\n<p>[\/vc_column_text][vc_masonry_grid post_type=&#8221;portfolio&#8221; max_items=&#8221;20&#8243; element_width=&#8221;3&#8243; gap=&#8221;5&#8243; order=&#8221;ASC&#8221; item=&#8221;mediaGrid_ScaleInWithIcon&#8221; grid_id=&#8221;vc_gid:1627376002807-f6c43dc9-6fc8-10&#8243; taxonomies=&#8221;28&#8243;][\/vc_column][\/vc_row]<\/p>\n<\/div>","protected":false},"excerpt":{"rendered":"<p>[vc_row][vc_column][vc_custom_heading source=&#8221;post_title&#8221; font_container=&#8221;tag:h3|text_align:left&#8221; use_theme_fonts=&#8221;yes&#8221;][vc_text_separator title=&#8221;LABORATORY&#8221; title_align=&#8221;separator_align_left&#8221; color=&#8221;custom&#8221; style=&#8221;dotted&#8221; border_width=&#8221;2&#8243; css_animation=&#8221;right-to-left&#8221; accent_color=&#8221;#ffac03&#8243;][\/vc_column][\/vc_row][vc_row][vc_column width=&#8221;1\/4&#8243;][vc_single_image image=&#8221;777&#8243; img_size=&#8221;full&#8221; alignment=&#8221;center&#8221;][\/vc_column][vc_column width=&#8221;3\/4&#8243;][\/vc_column][\/vc_row][vc_row][vc_column width=&#8221;1\/4&#8243;][\/vc_column][vc_column width=&#8221;3\/4&#8243; css=&#8221;.vc_custom_1522231589607{margin-top: -10% !important;}&#8221;][vc_column_text] TANDETRON Laborat\u00f3rium ki\u00e9p\u00edt\u00e9se [\/vc_column_text][vc_column_text]Az MTA<span class=\"excerpt-hellip\"> [\u2026]<\/span><\/p>\n","protected":false},"author":4,"featured_media":1376,"parent":0,"menu_order":0,"comment_status":"closed","ping_status":"closed","template":"","meta":{"inline_featured_image":false,"jetpack_post_was_ever_published":false,"footnotes":""},"class_list":["post-1608","page","type-page","status-publish","has-post-thumbnail","hentry"],"jetpack_shortlink":"https:\/\/wp.me\/PaFlKz-pW","_links":{"self":[{"href":"https:\/\/tandetron.atomki.hu\/en\/wp-json\/wp\/v2\/pages\/1608","targetHints":{"allow":["GET"]}}],"collection":[{"href":"https:\/\/tandetron.atomki.hu\/en\/wp-json\/wp\/v2\/pages"}],"about":[{"href":"https:\/\/tandetron.atomki.hu\/en\/wp-json\/wp\/v2\/types\/page"}],"author":[{"embeddable":true,"href":"https:\/\/tandetron.atomki.hu\/en\/wp-json\/wp\/v2\/users\/4"}],"replies":[{"embeddable":true,"href":"https:\/\/tandetron.atomki.hu\/en\/wp-json\/wp\/v2\/comments?post=1608"}],"version-history":[{"count":5,"href":"https:\/\/tandetron.atomki.hu\/en\/wp-json\/wp\/v2\/pages\/1608\/revisions"}],"predecessor-version":[{"id":2896,"href":"https:\/\/tandetron.atomki.hu\/en\/wp-json\/wp\/v2\/pages\/1608\/revisions\/2896"}],"wp:featuredmedia":[{"embeddable":true,"href":"https:\/\/tandetron.atomki.hu\/en\/wp-json\/wp\/v2\/media\/1376"}],"wp:attachment":[{"href":"https:\/\/tandetron.atomki.hu\/en\/wp-json\/wp\/v2\/media?parent=1608"}],"curies":[{"name":"wp","href":"https:\/\/api.w.org\/{rel}","templated":true}]}}